{"id":2427,"date":"2020-07-08T16:17:20","date_gmt":"2020-07-08T22:17:20","guid":{"rendered":"https:\/\/ww2.revistalocal.com\/principal\/?page_id=2427"},"modified":"2024-08-02T10:45:33","modified_gmt":"2024-08-02T16:45:33","slug":"novias-2","status":"publish","type":"page","link":"https:\/\/ww2.revistalocal.com\/principal\/novias-2\/","title":{"rendered":"Novias"},"content":{"rendered":"<p>[et_pb_section fb_built=\u00bb1&#8243; admin_label=\u00bbsection\u00bb _builder_version=\u00bb4.10.1&#8243; background_image=\u00bbhttps:\/\/ww2.revistalocal.com\/principal\/wp-content\/uploads\/2024\/08\/RL.jpg\u00bb min_height=\u00bb1007px\u00bb hover_enabled=\u00bb0&#8243; global_colors_info=\u00bb{}\u00bb title_text=\u00bbRL\u00bb sticky_enabled=\u00bb0&#8243;][et_pb_row _builder_version=\u00bb4.10.1&#8243; _module_preset=\u00bbdefault\u00bb custom_padding=\u00bb433px|||||\u00bb global_colors_info=\u00bb{}\u00bb][et_pb_column type=\u00bb4_4&#8243; _builder_version=\u00bb4.10.1&#8243; _module_preset=\u00bbdefault\u00bb global_colors_info=\u00bb{}\u00bb][et_pb_text _builder_version=\u00bb4.10.1&#8243; _module_preset=\u00bbdefault\u00bb hover_enabled=\u00bb0&#8243; text_text_shadow_style=\u00bbpreset3&#8243; text_text_shadow_blur_strength=\u00bb1.32em\u00bb inline_fonts=\u00bbPoppins\u00bb global_colors_info=\u00bb{}\u00bb sticky_enabled=\u00bb0&#8243;]<\/p>\n<h1 style=\"text-align: center;\"><span style=\"color: #ffffff;\"><strong><span style=\"font-family: Poppins;\">Tu Evento Local<\/span><\/strong><\/span><\/h1>\n<p style=\"text-align: center;\"><span style=\"font-family: Poppins; font-weight: normal; color: #ffffff;\">Edici\u00f3n 116<\/span><\/p>\n<p>[\/et_pb_text][\/et_pb_column][\/et_pb_row][\/et_pb_section][et_pb_section fb_built=\u00bb1&#8243; _builder_version=\u00bb4.10.1&#8243; _module_preset=\u00bbdefault\u00bb global_colors_info=\u00bb{}\u00bb][et_pb_row _builder_version=\u00bb4.10.1&#8243; _module_preset=\u00bbdefault\u00bb global_colors_info=\u00bb{}\u00bb][et_pb_column type=\u00bb4_4&#8243; _builder_version=\u00bb4.10.1&#8243; _module_preset=\u00bbdefault\u00bb global_colors_info=\u00bb{}\u00bb][et_pb_image src=\u00bbhttps:\/\/ww2.revistalocal.com\/principal\/wp-content\/uploads\/2024\/08\/Captura-de-pantalla-2024-08-02-a-las-10.43.56\u202fa.m..png\u00bb title_text=\u00bbCaptura de pantalla 2024-08-02 a la(s) 10.43.56\u202fa.m.\u00bb _builder_version=\u00bb4.10.1&#8243; _module_preset=\u00bbdefault\u00bb transform_translate=\u00bb220px|0px\u00bb transform_translate_linked=\u00bboff\u00bb width=\u00bb53%\u00bb hover_enabled=\u00bb0&#8243; box_shadow_style=\u00bbpreset2&#8243; global_colors_info=\u00bb{}\u00bb sticky_enabled=\u00bb0&#8243;][\/et_pb_image][et_pb_text _builder_version=\u00bb4.10.1&#8243; _module_preset=\u00bbdefault\u00bb custom_padding=\u00bb||0px|||\u00bb hover_enabled=\u00bb0&#8243; inline_fonts=\u00bbPoppins\u00bb global_colors_info=\u00bb{}\u00bb sticky_enabled=\u00bb0&#8243;]<\/p>\n<p><span style=\"font-family: Poppins; font-weight: normal;\">Cr\u00e9ditos: <\/span><\/p>\n<p><span style=\"font-family: Poppins; font-weight: normal;\">Vestido: Made with love Bridal<\/span><\/p>\n<p><span style=\"font-family: Poppins; font-weight: normal;\">Fotograf\u00eda: Javier Ramos<\/span><\/p>\n<p><span style=\"font-family: Poppins; font-weight: normal;\"><\/span><\/p>\n<p>&nbsp;<\/p>\n<div class=\"page\" title=\"Page 35\">\n<div class=\"section\">\n<div class=\"layoutArea\">\n<div class=\"column\">\n<div class=\"page\" title=\"Page 8\">\n<div class=\"layoutArea\">\n<div class=\"column\">\n<div class=\"page\" title=\"Page 69\">\n<div class=\"section\">\n<div class=\"layoutArea\">\n<div class=\"column\">\n<div class=\"page\" title=\"Page 38\">\n<div class=\"section\">\n<div class=\"layoutArea\">\n<div class=\"column\">\n<p><span style=\"font-size: 14px;\"><\/span><\/p>\n<\/div>\n<\/div>\n<\/div>\n<\/div>\n<\/div>\n<\/div>\n<\/div>\n<\/div>\n<\/div>\n<\/div>\n<\/div>\n<\/div>\n<\/div>\n<\/div>\n<\/div>\n<p>[\/et_pb_text][\/et_pb_column][\/et_pb_row][\/et_pb_section][et_pb_section fb_built=\u00bb1&#8243; _builder_version=\u00bb4.10.1&#8243; _module_preset=\u00bbdefault\u00bb global_colors_info=\u00bb{}\u00bb][et_pb_row _builder_version=\u00bb4.10.1&#8243; _module_preset=\u00bbdefault\u00bb global_colors_info=\u00bb{}\u00bb][et_pb_column type=\u00bb4_4&#8243; _builder_version=\u00bb4.10.1&#8243; _module_preset=\u00bbdefault\u00bb global_colors_info=\u00bb{}\u00bb][\/et_pb_column][\/et_pb_row][\/et_pb_section]<\/p>\n","protected":false},"excerpt":{"rendered":"<p>Tu Evento Local Edici\u00f3n 116Cr\u00e9ditos: Vestido: Made with love Bridal Fotograf\u00eda: Javier Ramos &nbsp;<\/p>\n","protected":false},"author":1,"featured_media":0,"parent":0,"menu_order":0,"comment_status":"closed","ping_status":"closed","template":"","meta":{"_et_pb_use_builder":"on","_et_pb_old_content":"<!-- wp:separator -->\n<hr class=\"wp-block-separator\"\/>\n<!-- \/wp:separator -->\n\n<!-- wp:heading {\"align\":\"center\"} -->\n<h2 class=\"has-text-align-center\">Portada<\/h2>\n<!-- \/wp:heading -->\n\n<!-- wp:separator -->\n<hr class=\"wp-block-separator\"\/>\n<!-- \/wp:separator -->\n\n<!-- wp:paragraph {\"align\":\"left\"} -->\n<p class=\"has-text-align-left\"><em><a href=\"Modelo:\u00a0Luisa Mariana G\u00f3mez\">Modelo:\u00a0<\/a>Luisa Mariana G\u00f3mez<\/em><\/p>\n<!-- \/wp:paragraph -->\n\n<!-- wp:paragraph -->\n<p><em>Vestido:&nbsp;Monique Novias&nbsp;<\/em><\/p>\n<!-- \/wp:paragraph -->\n\n<!-- wp:paragraph -->\n<p><em>Fotograf\u00eda:&nbsp;Javier Ramos&nbsp;<\/em><\/p>\n<!-- \/wp:paragraph -->\n\n<!-- wp:paragraph -->\n<p><em>Maquillaje:&nbsp;Thessa Peralta&nbsp;<\/em><\/p>\n<!-- \/wp:paragraph -->\n\n<!-- wp:paragraph -->\n<p><em>Peinado:&nbsp;Iv\u00e1n Rodr\u00edguez <\/em><\/p>\n<!-- \/wp:paragraph -->\n\n<!-- wp:paragraph -->\n<p><em>El Sal\u00f3n&nbsp;El Sal\u00f3n Hairdressing Club<\/em><\/p>\n<!-- \/wp:paragraph -->\n\n<!-- wp:separator -->\n<hr class=\"wp-block-separator\"\/>\n<!-- \/wp:separator -->\n\n<!-- wp:image {\"align\":\"center\",\"id\":2646,\"sizeSlug\":\"large\"} -->\n<div class=\"wp-block-image\"><figure class=\"aligncenter size-large\"><img src=\"https:\/\/ww2.revistalocal.com\/principal\/wp-content\/uploads\/2021\/08\/Portada-82-novias-798x1024.jpg\" alt=\"\" class=\"wp-image-2646\"\/><\/figure><\/div>\n<!-- \/wp:image -->","_et_gb_content_width":""},"_links":{"self":[{"href":"https:\/\/ww2.revistalocal.com\/principal\/wp-json\/wp\/v2\/pages\/2427"}],"collection":[{"href":"https:\/\/ww2.revistalocal.com\/principal\/wp-json\/wp\/v2\/pages"}],"about":[{"href":"https:\/\/ww2.revistalocal.com\/principal\/wp-json\/wp\/v2\/types\/page"}],"author":[{"embeddable":true,"href":"https:\/\/ww2.revistalocal.com\/principal\/wp-json\/wp\/v2\/users\/1"}],"replies":[{"embeddable":true,"href":"https:\/\/ww2.revistalocal.com\/principal\/wp-json\/wp\/v2\/comments?post=2427"}],"version-history":[{"count":18,"href":"https:\/\/ww2.revistalocal.com\/principal\/wp-json\/wp\/v2\/pages\/2427\/revisions"}],"predecessor-version":[{"id":4234,"href":"https:\/\/ww2.revistalocal.com\/principal\/wp-json\/wp\/v2\/pages\/2427\/revisions\/4234"}],"wp:attachment":[{"href":"https:\/\/ww2.revistalocal.com\/principal\/wp-json\/wp\/v2\/media?parent=2427"}],"curies":[{"name":"wp","href":"https:\/\/api.w.org\/{rel}","templated":true}]}}