{"id":2777,"date":"2021-11-09T21:49:32","date_gmt":"2021-11-10T04:49:32","guid":{"rendered":"https:\/\/ww2.revistalocal.com\/principal\/?page_id=2777"},"modified":"2022-05-18T22:17:38","modified_gmt":"2022-05-19T04:17:38","slug":"guia-digital-del-estado","status":"publish","type":"page","link":"https:\/\/ww2.revistalocal.com\/principal\/guia-digital-del-estado\/","title":{"rendered":"Gu\u00eda Digital del Estado"},"content":{"rendered":"<p>[et_pb_section fb_built=\u00bb1&#8243; module_id=\u00bb#gu\u00eda-estatal\u00bb _builder_version=\u00bb4.10.1&#8243; _module_preset=\u00bbdefault\u00bb background_image=\u00bbhttps:\/\/ww2.revistalocal.com\/principal\/wp-content\/uploads\/2022\/04\/FONDO-GUIA-01-01.jpg\u00bb max_width=\u00bb1920px\u00bb height=\u00bb942px\u00bb global_colors_info=\u00bb{}\u00bb][et_pb_row column_structure=\u00bb1_3,1_3,1_3&#8243; _builder_version=\u00bb4.10.1&#8243; _module_preset=\u00bbdefault\u00bb global_colors_info=\u00bb{}\u00bb][et_pb_column type=\u00bb1_3&#8243; _builder_version=\u00bb4.10.1&#8243; _module_preset=\u00bbdefault\u00bb global_colors_info=\u00bb{}\u00bb][et_pb_image _builder_version=\u00bb4.10.1&#8243; _module_preset=\u00bbdefault\u00bb custom_padding=\u00bb650px|||||\u00bb global_colors_info=\u00bb{}\u00bb][\/et_pb_image][\/et_pb_column][et_pb_column type=\u00bb1_3&#8243; _builder_version=\u00bb4.10.1&#8243; _module_preset=\u00bbdefault\u00bb global_colors_info=\u00bb{}\u00bb][et_pb_image _builder_version=\u00bb4.10.1&#8243; _module_preset=\u00bbdefault\u00bb custom_margin=\u00bb650px|||||\u00bb custom_padding=\u00bb||0px|||\u00bb global_colors_info=\u00bb{}\u00bb][\/et_pb_image][et_pb_text admin_label=\u00bbTexto\u00bb _builder_version=\u00bb4.10.1&#8243; _module_preset=\u00bbdefault\u00bb text_text_color=\u00bb#FFFFFF\u00bb global_colors_info=\u00bb{}\u00bb]<\/p>\n<p style=\"text-align: center;\"><span style=\"font-size: x-large;\"><\/span><\/p>\n<p style=\"text-align: center;\"><span style=\"font-size: x-large;\"><\/span><\/p>\n<p style=\"text-align: center;\"><span style=\"font-size: x-large;\"><\/span><\/p>\n<p style=\"text-align: center;\"><span style=\"font-size: x-large;\"><\/span><\/p>\n<p style=\"text-align: center;\"><span style=\"font-size: x-large;\"><\/span><\/p>\n<p style=\"text-align: center;\"><span style=\"font-size: x-large;\"><\/span><\/p>\n<p style=\"text-align: center;\"><span style=\"font-size: x-large;\"><\/span><\/p>\n<p style=\"text-align: center;\"><span style=\"font-size: x-large;\"><\/span><\/p>\n<p style=\"text-align: center;\"><span style=\"font-size: x-large;\"><\/span><\/p>\n<p style=\"text-align: center;\"><span style=\"font-size: x-large;\">CHIHUAHUA<\/span><\/p>\n<p>[\/et_pb_text][\/et_pb_column][et_pb_column type=\u00bb1_3&#8243; _builder_version=\u00bb4.10.1&#8243; _module_preset=\u00bbdefault\u00bb global_colors_info=\u00bb{}\u00bb][et_pb_image _builder_version=\u00bb4.10.1&#8243; _module_preset=\u00bbdefault\u00bb custom_margin=\u00bb0px|||||\u00bb global_colors_info=\u00bb{}\u00bb][\/et_pb_image][et_pb_text _builder_version=\u00bb4.10.1&#8243; _module_preset=\u00bbdefault\u00bb custom_margin=\u00bb||26px|||\u00bb global_colors_info=\u00bb{}\u00bb]<\/p>\n<h2><span style=\"color: #ffffff;\"><strong>Una Gu\u00eda con los mejores lugares del Estado Grande.<\/strong><\/span><\/h2>\n<p>[\/et_pb_text][et_pb_button button_url=\u00bbhttp:\/\/ww2.revistalocal.com\/principal\/descarga\u00bb button_text=\u00bbDESCARGA AQU\u00cd\u00bb button_alignment=\u00bbcenter\u00bb _builder_version=\u00bb4.10.1&#8243; _module_preset=\u00bbdefault\u00bb custom_button=\u00bbon\u00bb button_text_size=\u00bb29px\u00bb button_text_color=\u00bb#FFFFFF\u00bb button_bg_color=\u00bb#ffffff\u00bb button_bg_use_color_gradient=\u00bbon\u00bb button_bg_color_gradient_start=\u00bb#ff3251&#8243; button_bg_color_gradient_end=\u00bb#bf2828&#8243; button_border_radius=\u00bb12px\u00bb button_font=\u00bb||||||||\u00bb button_icon=\u00bb%%26%%\u00bb box_shadow_style=\u00bbpreset1&#8243; box_shadow_color=\u00bb#FFFFFF\u00bb global_colors_info=\u00bb{}\u00bb][\/et_pb_button][\/et_pb_column][\/et_pb_row][\/et_pb_section][et_pb_section fb_built=\u00bb1&#8243; _builder_version=\u00bb4.10.1&#8243; background_image=\u00bbhttps:\/\/ww2.revistalocal.com\/principal\/wp-content\/uploads\/2021\/11\/fondo-02.png\u00bb parallax=\u00bbon\u00bb parallax_method=\u00bboff\u00bb min_height=\u00bb885px\u00bb custom_margin=\u00bb||-7px|||\u00bb custom_padding=\u00bb3px||77px|||\u00bb global_colors_info=\u00bb{}\u00bb][et_pb_row column_structure=\u00bb1_3,1_3,1_3&#8243; _builder_version=\u00bb4.10.1&#8243; _module_preset=\u00bbdefault\u00bb custom_margin=\u00bb0px|auto||auto||\u00bb custom_padding=\u00bb0px||0px|||\u00bb global_colors_info=\u00bb{}\u00bb][et_pb_column type=\u00bb1_3&#8243; _builder_version=\u00bb4.10.1&#8243; _module_preset=\u00bbdefault\u00bb global_colors_info=\u00bb{}\u00bb][et_pb_image src=\u00bbhttps:\/\/ww2.revistalocal.com\/principal\/wp-content\/uploads\/2021\/11\/restaurates.png\u00bb title_text=\u00bbrestaurates\u00bb url=\u00bbhttps:\/\/ww2.revistalocal.com\/principal\/?page_id=2890&#8243; admin_label=\u00bbrestaurantes\u00bb _builder_version=\u00bb4.10.1&#8243; _module_preset=\u00bbdefault\u00bb transform_scale=\u00bb50%|50%\u00bb global_colors_info=\u00bb{}\u00bb][\/et_pb_image][et_pb_image src=\u00bbhttps:\/\/ww2.revistalocal.com\/principal\/wp-content\/uploads\/2022\/03\/productos-tipicos.png\u00bb title_text=\u00bbproductos tipicos\u00bb url=\u00bbhttps:\/\/ww2.revistalocal.com\/principal\/productos-tipicos-2\/\u00bb admin_label=\u00bbcaf\u00e9s\u00bb _builder_version=\u00bb4.10.1&#8243; _module_preset=\u00bbdefault\u00bb transform_scale=\u00bb50%|50%\u00bb custom_margin=\u00bb||-5px|||\u00bb global_colors_info=\u00bb{}\u00bb][\/et_pb_image][et_pb_image src=\u00bbhttps:\/\/ww2.revistalocal.com\/principal\/wp-content\/uploads\/2021\/11\/hoteles.png\u00bb title_text=\u00bbhoteles\u00bb url=\u00bbhttps:\/\/ww2.revistalocal.com\/principal\/hoteles-6\/\u00bb _builder_version=\u00bb4.10.1&#8243; _module_preset=\u00bbdefault\u00bb transform_scale=\u00bb50%|50%\u00bb custom_margin=\u00bb-27px|||||\u00bb custom_padding=\u00bb3px|||||\u00bb hover_enabled=\u00bb0&#8243; global_colors_info=\u00bb{}\u00bb sticky_enabled=\u00bb0&#8243;][\/et_pb_image][\/et_pb_column][et_pb_column type=\u00bb1_3&#8243; _builder_version=\u00bb4.10.1&#8243; _module_preset=\u00bbdefault\u00bb global_colors_info=\u00bb{}\u00bb][et_pb_image src=\u00bbhttps:\/\/ww2.revistalocal.com\/principal\/wp-content\/uploads\/2021\/11\/bares.png\u00bb title_text=\u00bbbares\u00bb url=\u00bbhttps:\/\/ww2.revistalocal.com\/principal\/?page_id=2949&#8243; admin_label=\u00bbbares\u00bb _builder_version=\u00bb4.10.1&#8243; _module_preset=\u00bbdefault\u00bb transform_scale=\u00bb50%|50%\u00bb global_colors_info=\u00bb{}\u00bb][\/et_pb_image][et_pb_image src=\u00bbhttps:\/\/ww2.revistalocal.com\/principal\/wp-content\/uploads\/2021\/11\/museos.png\u00bb title_text=\u00bbmuseos\u00bb url=\u00bbhttps:\/\/ww2.revistalocal.com\/principal\/3294-2\/\u00bb admin_label=\u00bbmuseos\u00bb _builder_version=\u00bb4.10.1&#8243; _module_preset=\u00bbdefault\u00bb transform_scale=\u00bb50%|50%\u00bb global_colors_info=\u00bb{}\u00bb][\/et_pb_image][et_pb_image src=\u00bbhttps:\/\/ww2.revistalocal.com\/principal\/wp-content\/uploads\/2022\/03\/basic-info.png\u00bb title_text=\u00bbbasic info\u00bb url=\u00bbhttps:\/\/ww2.revistalocal.com\/principal\/basic-info-2\/\u00bb _builder_version=\u00bb4.10.1&#8243; _module_preset=\u00bbdefault\u00bb transform_scale=\u00bb50%|50%\u00bb global_colors_info=\u00bb{}\u00bb][\/et_pb_image][et_pb_text admin_label=\u00bbTexto\u00bb _builder_version=\u00bb4.10.1&#8243; _module_preset=\u00bbdefault\u00bb text_text_color=\u00bb#FFFFFF\u00bb global_colors_info=\u00bb{}\u00bb]<\/p>\n<p style=\"text-align: center;\"><span style=\"font-size: x-large;\"><\/span><\/p>\n<p style=\"text-align: center;\"><span style=\"font-size: x-large;\"><\/span><\/p>\n<p style=\"text-align: center;\"><span style=\"font-size: x-large;\"><\/span><\/p>\n<p style=\"text-align: center;\"><span style=\"font-size: x-large;\"><\/span><\/p>\n<p style=\"text-align: center;\"><span style=\"font-size: x-large;\"><\/span><\/p>\n<p style=\"text-align: center;\"><span style=\"font-size: x-large;\"><\/span><\/p>\n<p style=\"text-align: center;\"><span style=\"font-size: x-large;\"><\/span><\/p>\n<p style=\"text-align: center;\"><span style=\"font-size: x-large;\"><\/span><\/p>\n<p style=\"text-align: center;\"><span style=\"font-size: x-large;\"><\/span><\/p>\n<p style=\"text-align: center;\"><span style=\"font-size: x-large;\">JU\u00c1REZ<\/span><\/p>\n<p>[\/et_pb_text][\/et_pb_column][et_pb_column type=\u00bb1_3&#8243; _builder_version=\u00bb4.10.1&#8243; _module_preset=\u00bbdefault\u00bb global_colors_info=\u00bb{}\u00bb][et_pb_image src=\u00bbhttps:\/\/ww2.revistalocal.com\/principal\/wp-content\/uploads\/2021\/11\/cafes.png\u00bb title_text=\u00bbcaf\u00e9s\u00bb url=\u00bbhttps:\/\/ww2.revistalocal.com\/principal\/?page_id=2924&#8243; admin_label=\u00bbcompras\u00bb _builder_version=\u00bb4.10.1&#8243; _module_preset=\u00bbdefault\u00bb transform_scale=\u00bb50%|50%\u00bb custom_padding=\u00bb3px|||||\u00bb global_colors_info=\u00bb{}\u00bb][\/et_pb_image][et_pb_image src=\u00bbhttps:\/\/ww2.revistalocal.com\/principal\/wp-content\/uploads\/2022\/03\/aire-libre.png\u00bb title_text=\u00bbaire libre\u00bb url=\u00bbhttps:\/\/ww2.revistalocal.com\/principal\/aire-libre-2\/\u00bb admin_label=\u00bbImagen\u00bb _builder_version=\u00bb4.10.1&#8243; _module_preset=\u00bbdefault\u00bb transform_scale=\u00bb50%|50%\u00bb global_colors_info=\u00bb{}\u00bb][\/et_pb_image][et_pb_image src=\u00bbhttps:\/\/ww2.revistalocal.com\/principal\/wp-content\/uploads\/2022\/03\/vinicolas.png\u00bb title_text=\u00bbvin\u00edcolas\u00bb url=\u00bbhttps:\/\/ww2.revistalocal.com\/principal\/vinicolas-2\/\u00bb admin_label=\u00bbImagen\u00bb _builder_version=\u00bb4.10.1&#8243; _module_preset=\u00bbdefault\u00bb transform_scale=\u00bb50%|50%\u00bb global_colors_info=\u00bb{}\u00bb][\/et_pb_image][\/et_pb_column][\/et_pb_row][et_pb_row column_structure=\u00bb1_3,1_3,1_3&#8243; _builder_version=\u00bb4.10.1&#8243; _module_preset=\u00bbdefault\u00bb custom_margin=\u00bb0px|auto||auto||\u00bb custom_padding=\u00bb0px||0px|||\u00bb global_colors_info=\u00bb{}\u00bb][et_pb_column type=\u00bb1_3&#8243; _builder_version=\u00bb4.10.1&#8243; _module_preset=\u00bbdefault\u00bb global_colors_info=\u00bb{}\u00bb][et_pb_image src=\u00bbhttps:\/\/ww2.revistalocal.com\/principal\/wp-content\/uploads\/2021\/11\/restaurates.png\u00bb title_text=\u00bbrestaurates\u00bb url=\u00bbhttps:\/\/ww2.revistalocal.com\/principal\/restaurantes-jrz-2\/\u00bb admin_label=\u00bbrestaurantes\u00bb _builder_version=\u00bb4.10.1&#8243; _module_preset=\u00bbdefault\u00bb transform_scale=\u00bb50%|50%\u00bb global_colors_info=\u00bb{}\u00bb][\/et_pb_image][et_pb_image src=\u00bbhttps:\/\/ww2.revistalocal.com\/principal\/wp-content\/uploads\/2022\/03\/productos-tipicos.png\u00bb title_text=\u00bbproductos tipicos\u00bb url=\u00bbhttps:\/\/ww2.revistalocal.com\/principal\/productos-tipicos-2\/\u00bb admin_label=\u00bbcaf\u00e9s\u00bb _builder_version=\u00bb4.10.1&#8243; _module_preset=\u00bbdefault\u00bb transform_scale=\u00bb50%|50%\u00bb custom_margin=\u00bb||-5px|||\u00bb global_colors_info=\u00bb{}\u00bb][\/et_pb_image][et_pb_image src=\u00bbhttps:\/\/ww2.revistalocal.com\/principal\/wp-content\/uploads\/2021\/11\/hoteles.png\u00bb title_text=\u00bbhoteles\u00bb url=\u00bbhttps:\/\/ww2.revistalocal.com\/principal\/hoteles-jrz\/\u00bb _builder_version=\u00bb4.10.1&#8243; _module_preset=\u00bbdefault\u00bb transform_scale=\u00bb50%|50%\u00bb custom_margin=\u00bb-27px|||||\u00bb custom_padding=\u00bb3px|||||\u00bb hover_enabled=\u00bb0&#8243; global_colors_info=\u00bb{}\u00bb sticky_enabled=\u00bb0&#8243;][\/et_pb_image][\/et_pb_column][et_pb_column type=\u00bb1_3&#8243; _builder_version=\u00bb4.10.1&#8243; _module_preset=\u00bbdefault\u00bb global_colors_info=\u00bb{}\u00bb][et_pb_image src=\u00bbhttps:\/\/ww2.revistalocal.com\/principal\/wp-content\/uploads\/2021\/11\/bares.png\u00bb title_text=\u00bbbares\u00bb url=\u00bbhttps:\/\/ww2.revistalocal.com\/principal\/bares-jrz\/\u00bb admin_label=\u00bbbares\u00bb _builder_version=\u00bb4.10.1&#8243; _module_preset=\u00bbdefault\u00bb transform_scale=\u00bb50%|50%\u00bb global_colors_info=\u00bb{}\u00bb][\/et_pb_image][et_pb_image src=\u00bbhttps:\/\/ww2.revistalocal.com\/principal\/wp-content\/uploads\/2021\/11\/museos.png\u00bb title_text=\u00bbmuseos\u00bb url=\u00bbhttps:\/\/ww2.revistalocal.com\/principal\/museos-jrz\/\u00bb admin_label=\u00bbmuseos\u00bb _builder_version=\u00bb4.10.1&#8243; _module_preset=\u00bbdefault\u00bb transform_scale=\u00bb50%|50%\u00bb global_colors_info=\u00bb{}\u00bb][\/et_pb_image][et_pb_image src=\u00bbhttps:\/\/ww2.revistalocal.com\/principal\/wp-content\/uploads\/2022\/03\/basic-info.png\u00bb title_text=\u00bbbasic info\u00bb url=\u00bbhttps:\/\/ww2.revistalocal.com\/principal\/basic-info-jrz\/\u00bb _builder_version=\u00bb4.10.1&#8243; _module_preset=\u00bbdefault\u00bb transform_scale=\u00bb50%|50%\u00bb global_colors_info=\u00bb{}\u00bb][\/et_pb_image][\/et_pb_column][et_pb_column type=\u00bb1_3&#8243; _builder_version=\u00bb4.10.1&#8243; _module_preset=\u00bbdefault\u00bb global_colors_info=\u00bb{}\u00bb][et_pb_image src=\u00bbhttps:\/\/ww2.revistalocal.com\/principal\/wp-content\/uploads\/2021\/11\/cafes.png\u00bb title_text=\u00bbcaf\u00e9s\u00bb url=\u00bbhttps:\/\/ww2.revistalocal.com\/principal\/wp-admin\/post.php?post=3595&#038;action=edit\u00bb admin_label=\u00bbcompras\u00bb _builder_version=\u00bb4.10.1&#8243; _module_preset=\u00bbdefault\u00bb transform_scale=\u00bb50%|50%\u00bb custom_padding=\u00bb3px|||||\u00bb global_colors_info=\u00bb{}\u00bb][\/et_pb_image][et_pb_image src=\u00bbhttps:\/\/ww2.revistalocal.com\/principal\/wp-content\/uploads\/2022\/03\/aire-libre.png\u00bb title_text=\u00bbaire libre\u00bb url=\u00bbhttps:\/\/ww2.revistalocal.com\/principal\/explore-jrz\/\u00bb admin_label=\u00bbImagen\u00bb _builder_version=\u00bb4.10.1&#8243; _module_preset=\u00bbdefault\u00bb transform_scale=\u00bb50%|50%\u00bb global_colors_info=\u00bb{}\u00bb][\/et_pb_image][et_pb_image src=\u00bbhttps:\/\/ww2.revistalocal.com\/principal\/wp-content\/uploads\/2022\/03\/vinicolas.png\u00bb title_text=\u00bbvin\u00edcolas\u00bb url=\u00bbhttps:\/\/ww2.revistalocal.com\/principal\/vinicolas-jrz\/\u00bb admin_label=\u00bbImagen\u00bb _builder_version=\u00bb4.10.1&#8243; _module_preset=\u00bbdefault\u00bb transform_scale=\u00bb50%|50%\u00bb global_colors_info=\u00bb{}\u00bb][\/et_pb_image][\/et_pb_column][\/et_pb_row][et_pb_row _builder_version=\u00bb4.10.1&#8243; _module_preset=\u00bbdefault\u00bb global_colors_info=\u00bb{}\u00bb][et_pb_column type=\u00bb4_4&#8243; _builder_version=\u00bb4.10.1&#8243; _module_preset=\u00bbdefault\u00bb global_colors_info=\u00bb{}\u00bb][et_pb_text _builder_version=\u00bb4.10.1&#8243; _module_preset=\u00bbdefault\u00bb min_height=\u00bb96px\u00bb global_colors_info=\u00bb{}\u00bb]<\/p>\n<p style=\"text-align: center;\"><span style=\"color: #ffffff;\">Nuestra gu\u00eda local para locales y extranjeros es una excelente opci\u00f3n para conocer el Estado de Chihuahua. Elige una opci\u00f3n de cualquier categor\u00eda y comienza a disfrutar de una experiencia local.<\/span><\/p>\n<p>[\/et_pb_text][et_pb_button button_url=\u00bbhttp:\/\/ww2.revistalocal.com\/principal\/descarga\u00bb button_text=\u00bb\u00a1DESC\u00c1RGALA AQU\u00cd!\u00bb button_alignment=\u00bbcenter\u00bb _builder_version=\u00bb4.10.1&#8243; _module_preset=\u00bbdefault\u00bb custom_button=\u00bbon\u00bb button_text_color=\u00bb#ea5b69&#8243; transform_scale=\u00bb146%|146%\u00bb background_layout=\u00bbdark\u00bb global_colors_info=\u00bb{}\u00bb][\/et_pb_button][\/et_pb_column][\/et_pb_row][\/et_pb_section]<\/p>\n","protected":false},"excerpt":{"rendered":"<p>CHIHUAHUAUna Gu\u00eda con los mejores lugares del Estado Grande. JU\u00c1REZNuestra gu\u00eda local para locales y extranjeros es una excelente opci\u00f3n para conocer el Estado de Chihuahua. Elige una opci\u00f3n de cualquier categor\u00eda y comienza a disfrutar de una experiencia local.<\/p>\n","protected":false},"author":1,"featured_media":0,"parent":0,"menu_order":0,"comment_status":"closed","ping_status":"closed","template":"","meta":{"_et_pb_use_builder":"on","_et_pb_old_content":"<figure>\n\t\t\t\t\t\t\t\t\t\t<img width=\"920\" height=\"920\" src=\"https:\/\/ww2.revistalocal.com\/principal\/wp-content\/uploads\/2021\/11\/1U4A4443-scaled-e1636482623800-1024x1024.jpg\" alt=\"\" loading=\"lazy\" srcset=\"https:\/\/ww2.revistalocal.com\/principal\/wp-content\/uploads\/2021\/11\/1U4A4443-scaled-e1636482623800-1024x1024.jpg 1024w, https:\/\/ww2.revistalocal.com\/principal\/wp-content\/uploads\/2021\/11\/1U4A4443-scaled-e1636482623800-300x300.jpg 300w, https:\/\/ww2.revistalocal.com\/principal\/wp-content\/uploads\/2021\/11\/1U4A4443-scaled-e1636482623800-150x150.jpg 150w, https:\/\/ww2.revistalocal.com\/principal\/wp-content\/uploads\/2021\/11\/1U4A4443-scaled-e1636482623800-768x768.jpg 768w, https:\/\/ww2.revistalocal.com\/principal\/wp-content\/uploads\/2021\/11\/1U4A4443-scaled-e1636482623800-1536x1536.jpg 1536w, https:\/\/ww2.revistalocal.com\/principal\/wp-content\/uploads\/2021\/11\/1U4A4443-scaled-e1636482623800-666x666.jpg 666w, https:\/\/ww2.revistalocal.com\/principal\/wp-content\/uploads\/2021\/11\/1U4A4443-scaled-e1636482623800-96x96.jpg 96w, https:\/\/ww2.revistalocal.com\/principal\/wp-content\/uploads\/2021\/11\/1U4A4443-scaled-e1636482623800.jpg 1708w\" sizes=\"(max-width: 920px) 100vw, 920px\"><figcaption>Restaurantes<\/figcaption><\/figure>\n<figure>\n\t\t\t\t\t\t\t\t\t\t<img src=\"https:\/\/ww2.revistalocal.com\/principal\/wp-content\/plugins\/elementor\/assets\/images\/placeholder.png\" title=\"\" alt=\"\">\n\n<figcaption>Bares<\/figcaption><\/figure>\n<figure>\n\t\t\t\t\t\t\t\t\t\t<img src=\"https:\/\/ww2.revistalocal.com\/principal\/wp-content\/plugins\/elementor\/assets\/images\/placeholder.png\" title=\"\" alt=\"\">\n\n<figcaption>Caf\u00e9s<\/figcaption><\/figure>\n<figure>\n\t\t\t\t\t\t\t\t\t\t<img src=\"https:\/\/ww2.revistalocal.com\/principal\/wp-content\/plugins\/elementor\/assets\/images\/placeholder.png\" title=\"\" alt=\"\">\n\n<figcaption>Eventos<\/figcaption><\/figure>\n<figure>\n\t\t\t\t\t\t\t\t\t\t<img src=\"https:\/\/ww2.revistalocal.com\/principal\/wp-content\/plugins\/elementor\/assets\/images\/placeholder.png\" title=\"\" alt=\"\">\n\n<figcaption>Museos<\/figcaption><\/figure>\n<figure>\n\t\t\t\t\t\t\t\t\t\t<img src=\"https:\/\/ww2.revistalocal.com\/principal\/wp-content\/plugins\/elementor\/assets\/images\/placeholder.png\" title=\"\" alt=\"\">\n\n<figcaption>Experiencias<\/figcaption><\/figure>\n<img src=\"https:\/\/www.interactius.com\/wp-content\/uploads\/2017\/09\/foto8.png\" title=\"Foto8\" alt=\"Foto8\">\nRestaurantes","_et_gb_content_width":""},"_links":{"self":[{"href":"https:\/\/ww2.revistalocal.com\/principal\/wp-json\/wp\/v2\/pages\/2777"}],"collection":[{"href":"https:\/\/ww2.revistalocal.com\/principal\/wp-json\/wp\/v2\/pages"}],"about":[{"href":"https:\/\/ww2.revistalocal.com\/principal\/wp-json\/wp\/v2\/types\/page"}],"author":[{"embeddable":true,"href":"https:\/\/ww2.revistalocal.com\/principal\/wp-json\/wp\/v2\/users\/1"}],"replies":[{"embeddable":true,"href":"https:\/\/ww2.revistalocal.com\/principal\/wp-json\/wp\/v2\/comments?post=2777"}],"version-history":[{"count":38,"href":"https:\/\/ww2.revistalocal.com\/principal\/wp-json\/wp\/v2\/pages\/2777\/revisions"}],"predecessor-version":[{"id":3740,"href":"https:\/\/ww2.revistalocal.com\/principal\/wp-json\/wp\/v2\/pages\/2777\/revisions\/3740"}],"wp:attachment":[{"href":"https:\/\/ww2.revistalocal.com\/principal\/wp-json\/wp\/v2\/media?parent=2777"}],"curies":[{"name":"wp","href":"https:\/\/api.w.org\/{rel}","templated":true}]}}