{"id":2831,"date":"2021-11-09T23:49:28","date_gmt":"2021-11-10T06:49:28","guid":{"rendered":"https:\/\/ww2.revistalocal.com\/principal\/?page_id=2831"},"modified":"2022-03-22T16:31:55","modified_gmt":"2022-03-22T23:31:55","slug":"2831-2","status":"publish","type":"page","link":"https:\/\/ww2.revistalocal.com\/principal\/2831-2\/","title":{"rendered":"Escapes"},"content":{"rendered":"<p>[et_pb_section fb_built=\u00bb1&#8243; _builder_version=\u00bb4.10.1&#8243; background_image=\u00bbhttps:\/\/ww2.revistalocal.com\/principal\/wp-content\/uploads\/2022\/03\/Urique-8.jpg\u00bb custom_padding=\u00bb||165px|||\u00bb global_colors_info=\u00bb{}\u00bb][et_pb_row _builder_version=\u00bb4.10.1&#8243; _module_preset=\u00bbdefault\u00bb global_colors_info=\u00bb{}\u00bb][et_pb_column type=\u00bb4_4&#8243; _builder_version=\u00bb4.10.1&#8243; _module_preset=\u00bbdefault\u00bb global_colors_info=\u00bb{}\u00bb][et_pb_text _builder_version=\u00bb4.10.1&#8243; _module_preset=\u00bbdefault\u00bb text_text_color=\u00bb#FFFFFF\u00bb text_font_size=\u00bb31px\u00bb text_text_shadow_style=\u00bbpreset3&#8243; hover_enabled=\u00bb0&#8243; sticky_enabled=\u00bb0&#8243; min_height=\u00bb23px\u00bb custom_margin=\u00bb168px|||||\u00bb]<\/p>\n<p style=\"text-align: center;\"><strong>Escapes<\/strong><\/p>\n<p>[\/et_pb_text][\/et_pb_column][\/et_pb_row][\/et_pb_section][et_pb_section fb_built=\u00bb1&#8243; _builder_version=\u00bb4.10.1&#8243; _module_preset=\u00bbdefault\u00bb custom_padding=\u00bb0px|||||\u00bb global_colors_info=\u00bb{}\u00bb][et_pb_row _builder_version=\u00bb4.10.1&#8243; _module_preset=\u00bbdefault\u00bb global_colors_info=\u00bb{}\u00bb][et_pb_column type=\u00bb4_4&#8243; _builder_version=\u00bb4.10.1&#8243; _module_preset=\u00bbdefault\u00bb global_colors_info=\u00bb{}\u00bb][et_pb_button button_url=\u00bbhttps:\/\/ww2.revistalocal.com\/principal\/guia-digital-del-estado\/\u00bb button_text=\u00bbRegresar\u00bb _builder_version=\u00bb4.10.1&#8243; _module_preset=\u00bbdefault\u00bb global_colors_info=\u00bb{}\u00bb][\/et_pb_button][\/et_pb_column][\/et_pb_row][\/et_pb_section][et_pb_section fb_built=\u00bb1&#8243; _builder_version=\u00bb4.10.1&#8243; _module_preset=\u00bbdefault\u00bb min_height=\u00bb2189px\u00bb custom_margin=\u00bb-55px|||||\u00bb custom_padding=\u00bb0px|||||\u00bb global_colors_info=\u00bb{}\u00bb][et_pb_row column_structure=\u00bb2_5,3_5&#8243; _builder_version=\u00bb4.10.1&#8243; _module_preset=\u00bbdefault\u00bb global_colors_info=\u00bb{}\u00bb][et_pb_column type=\u00bb2_5&#8243; _builder_version=\u00bb4.10.1&#8243; _module_preset=\u00bbdefault\u00bb global_colors_info=\u00bb{}\u00bb][et_pb_image src=\u00bbhttps:\/\/ww2.revistalocal.com\/principal\/wp-content\/uploads\/2022\/03\/MG_2105-scaled.jpg\u00bb title_text=\u00bb_MG_2105&#8243; _builder_version=\u00bb4.10.1&#8243; _module_preset=\u00bbdefault\u00bb global_colors_info=\u00bb{}\u00bb][\/et_pb_image][et_pb_image src=\u00bbhttps:\/\/ww2.revistalocal.com\/principal\/wp-content\/uploads\/2022\/03\/MG_2034.jpg\u00bb title_text=\u00bb_MG_2034&#8243; _builder_version=\u00bb4.10.1&#8243; _module_preset=\u00bbdefault\u00bb global_colors_info=\u00bb{}\u00bb][\/et_pb_image][et_pb_image src=\u00bbhttps:\/\/ww2.revistalocal.com\/principal\/wp-content\/uploads\/2022\/03\/Col.-Juarez-1.jpg\u00bb title_text=\u00bbCol. Juarez-1&#8243; _builder_version=\u00bb4.10.1&#8243; _module_preset=\u00bbdefault\u00bb global_colors_info=\u00bb{}\u00bb][\/et_pb_image][et_pb_image src=\u00bbhttps:\/\/ww2.revistalocal.com\/principal\/wp-content\/uploads\/2022\/03\/Menonita-3-scaled.jpg\u00bb title_text=\u00bbMenonita-3&#8243; _builder_version=\u00bb4.10.1&#8243; _module_preset=\u00bbdefault\u00bb global_colors_info=\u00bb{}\u00bb][\/et_pb_image][et_pb_image src=\u00bbhttps:\/\/ww2.revistalocal.com\/principal\/wp-content\/uploads\/2022\/03\/Delicias-99-cms-scaled.jpg\u00bb title_text=\u00bbDelicias- 99 cms\u00bb _builder_version=\u00bb4.10.1&#8243; _module_preset=\u00bbdefault\u00bb global_colors_info=\u00bb{}\u00bb][\/et_pb_image][et_pb_image src=\u00bbhttps:\/\/ww2.revistalocal.com\/principal\/wp-content\/uploads\/2022\/03\/w40-Casas-2.jpg\u00bb title_text=\u00bbw40 Casas-2&#8243; _builder_version=\u00bb4.10.1&#8243; _module_preset=\u00bbdefault\u00bb global_colors_info=\u00bb{}\u00bb][\/et_pb_image][et_pb_image src=\u00bbhttps:\/\/ww2.revistalocal.com\/principal\/wp-content\/uploads\/2021\/08\/Majalca-4-scaled.jpg\u00bb title_text=\u00bbMajalca-4&#8243; _builder_version=\u00bb4.10.1&#8243; _module_preset=\u00bbdefault\u00bb global_colors_info=\u00bb{}\u00bb][\/et_pb_image][\/et_pb_column][et_pb_column type=\u00bb3_5&#8243; _builder_version=\u00bb4.10.1&#8243; _module_preset=\u00bbdefault\u00bb global_colors_info=\u00bb{}\u00bb][et_pb_text _builder_version=\u00bb4.10.1&#8243; _module_preset=\u00bbdefault\u00bb custom_margin=\u00bb65px||85px|||\u00bb global_colors_info=\u00bb{}\u00bb]<strong>Dunas de Samalayuca<\/strong><\/p>\n<p>Por estar rodeado de monta\u00f1as, el recorrido no implica gran riesgo; no obstante, es conveniente servirse de un gu\u00eda para deambular por las bellezas de este desierto. Las dunas tambi\u00e9n se han convertido en el para\u00edso de quienes practican el deporte de <i>sandboarding<\/i>.[\/et_pb_text][et_pb_text _builder_version=\u00bb4.10.1&#8243; _module_preset=\u00bbdefault\u00bb custom_margin=\u00bb160px||85px|||\u00bb global_colors_info=\u00bb{}\u00bb]<strong>Creel<\/strong><\/p>\n<p>En la actualidad cuenta con una adecuada y completa infraestructura hotelera y de servicios tur\u00edsticos llenos de la naturaleza de las barrancas y con incre\u00edbles paisajes.<\/p>\n<p>Antes de la presencia de los espa\u00f1oles en el siglo XVI, los tarahumaras o rar\u00e1muris habitaban la zona, ahora sus descendientes siguen viviendo en las comunidades cercanas al pueblo, donde comercializan sus artesan\u00edas y otros productos.[\/et_pb_text][et_pb_text _builder_version=\u00bb4.10.1&#8243; _module_preset=\u00bbdefault\u00bb custom_margin=\u00bb86px||-8px|||\u00bb global_colors_info=\u00bb{}\u00bb]<strong>Casas Grandes<\/strong><\/p>\n<p>A tan s\u00f3lo 15 kil\u00f3metros al sur de la colonia Ju\u00e1rez, se encuentra lo que fuera el casco de la Hacienda de San Diego.<\/p>\n<p>La construcci\u00f3n del edificio es de adobe y su fachada de cantera, resaltando los tres arcos de medio punto que rematan en un front\u00f3n, enmarcando el monograma de don Luis Terrazas, quien adquiri\u00f3 esta hacienda en 1874.<\/p>\n<p>San Diego fue una hacienda b\u00e1sicamente ganadera, y durante la Revoluci\u00f3n fue usada por don Francisco I. Madero como alojamiento y cuartel general.<span class=\"Apple-converted-space\">&nbsp;<\/span>[\/et_pb_text][et_pb_text _builder_version=\u00bb4.10.1&#8243; _module_preset=\u00bbdefault\u00bb min_height=\u00bb269px\u00bb custom_margin=\u00bb71px||-24px|||\u00bb custom_padding=\u00bb0px|||||\u00bb global_colors_info=\u00bb{}\u00bb]<strong>Cuauht\u00e9moc<\/strong><\/p>\n<p>Cuauht\u00e9moc es la cuarta ciudad m\u00e1s poblada del estado y una de las m\u00e1s j\u00f3venes, ya que se le dio el rango de ciudad en 1948. Se encuentra ubicada en la zona central, a unos 100 kil\u00f3metros al suroeste de la ciudad de Chihuahua y es considerada como la puerta de entrada a la regi\u00f3n de la Sierra Tarahumara.<\/p>\n<p>En este territorio se encuentran alrededor de ciento veinte mil personas asentadas en numerosas comunidades menonitas, famosas principalmente por su producci\u00f3n de l\u00e1cteos. Se pueden hacer recorridos por las sorprendentes huertas y observar algunos de los procesos de esta importante industria.<\/p>\n<p>&nbsp;[\/et_pb_text][et_pb_text _builder_version=\u00bb4.10.1&#8243; _module_preset=\u00bbdefault\u00bb min_height=\u00bb257px\u00bb custom_margin=\u00bb71px||28px|||\u00bb custom_padding=\u00bb0px||0px|||\u00bb global_colors_info=\u00bb{}\u00bb]<strong>Delicias<\/strong><\/p>\n<p>Llama la atenci\u00f3n lo joven que es esta ciudad; fundada apenas en 1933, ya es considerada como una de las m\u00e1s progresistas del estado.<span class=\"Apple-converted-space\">&nbsp;<\/span><\/p>\n<p>En este territorio se encuentran alrededor de ciento veinte mil personas asentadas en numerosas comunidades menonitas, famosas principalmente por su producci\u00f3n de l\u00e1cteos. Se pueden hacer recorridos por las sorprendentes huertas y observar algunos de los procesos de esta importante industria.[\/et_pb_text][et_pb_text _builder_version=\u00bb4.10.1&#8243; _module_preset=\u00bbdefault\u00bb min_height=\u00bb203px\u00bb custom_margin=\u00bb1px||64px|||\u00bb custom_padding=\u00bb0px|||||\u00bb global_colors_info=\u00bb{}\u00bb]<strong>Madera<\/strong><\/p>\n<p>Esta poblaci\u00f3n de 33,800 habitantes tuvo su origen en un punto conocido como Ci\u00e9negas de San Pedro Nahu\u00e9rachic, fundado en 1906 para la explotaci\u00f3n de madera, de ah\u00ed el origen de su nombre, pues en un inicio era un aserradero y la estaci\u00f3n ferroviaria donde la madera se distribu\u00eda. Actualmente, la poblaci\u00f3n muestra un considerable desarrollo agr\u00edcola, ganadero y maderero, as\u00ed como en infraestructura de servicios tur\u00edsticos, debido a las diversas zonas arquel\u00f3gicas con las que cuenta, de la misma cultura de Paquim\u00e9, que son los indios llamados Anasazi y Mogoll\u00f3n, que a su vez habitaron el sur de Estados Unidos.[\/et_pb_text][et_pb_text _builder_version=\u00bb4.10.1&#8243; _module_preset=\u00bbdefault\u00bb min_height=\u00bb96px\u00bb custom_margin=\u00bb1px||27px|||\u00bb custom_padding=\u00bb0px|||||\u00bb global_colors_info=\u00bb{}\u00bb]<strong>Majalca<\/strong><\/p>\n<p>Las elevaciones y peque\u00f1os valles que conforman el lugar se encuentran dentro de la zona monta\u00f1osa conocida como la Sierra de Majalca, y \u00e9sta a su vez, forma parte de la Sierra Madre Occidental, que alcanza alturas de hasta 2600 metros sobre el nivel del mar.<span class=\"Apple-converted-space\">&nbsp;<\/span><\/p>\n<p>Este sitio fue nombrado Parque Nacional Cumbres de Majalca por un decreto presidencial, abarcando una superficie de 4772 hect\u00e1reas. Cuenta con varios valles elevados que son rodeados por monta\u00f1as de car\u00e1cter volc\u00e1nico y enormes formaciones rocosas, las cuales fueron erosionadas por la lluvia y el viento, por lo que han adquirido extra\u00f1as formaciones.[\/et_pb_text][\/et_pb_column][\/et_pb_row][\/et_pb_section]<\/p>\n","protected":false},"excerpt":{"rendered":"<p>EscapesDunas de Samalayuca Por estar rodeado de monta\u00f1as, el recorrido no implica gran riesgo; no obstante, es conveniente servirse de un gu\u00eda para deambular por las bellezas de este desierto. Las dunas tambi\u00e9n se han convertido en el para\u00edso de quienes practican el deporte de sandboarding.Creel En la actualidad cuenta con una adecuada y completa [&hellip;]<\/p>\n","protected":false},"author":1,"featured_media":0,"parent":0,"menu_order":0,"comment_status":"closed","ping_status":"closed","template":"","meta":{"_et_pb_use_builder":"on","_et_pb_old_content":"","_et_gb_content_width":""},"_links":{"self":[{"href":"https:\/\/ww2.revistalocal.com\/principal\/wp-json\/wp\/v2\/pages\/2831"}],"collection":[{"href":"https:\/\/ww2.revistalocal.com\/principal\/wp-json\/wp\/v2\/pages"}],"about":[{"href":"https:\/\/ww2.revistalocal.com\/principal\/wp-json\/wp\/v2\/types\/page"}],"author":[{"embeddable":true,"href":"https:\/\/ww2.revistalocal.com\/principal\/wp-json\/wp\/v2\/users\/1"}],"replies":[{"embeddable":true,"href":"https:\/\/ww2.revistalocal.com\/principal\/wp-json\/wp\/v2\/comments?post=2831"}],"version-history":[{"count":6,"href":"https:\/\/ww2.revistalocal.com\/principal\/wp-json\/wp\/v2\/pages\/2831\/revisions"}],"predecessor-version":[{"id":3440,"href":"https:\/\/ww2.revistalocal.com\/principal\/wp-json\/wp\/v2\/pages\/2831\/revisions\/3440"}],"wp:attachment":[{"href":"https:\/\/ww2.revistalocal.com\/principal\/wp-json\/wp\/v2\/media?parent=2831"}],"curies":[{"name":"wp","href":"https:\/\/api.w.org\/{rel}","templated":true}]}}