{"id":3390,"date":"2022-03-22T12:06:32","date_gmt":"2022-03-22T19:06:32","guid":{"rendered":"https:\/\/ww2.revistalocal.com\/principal\/?page_id=3390"},"modified":"2022-03-22T16:49:46","modified_gmt":"2022-03-22T23:49:46","slug":"basic-info-2","status":"publish","type":"page","link":"https:\/\/ww2.revistalocal.com\/principal\/basic-info-2\/","title":{"rendered":"Basic info"},"content":{"rendered":"<p>[et_pb_section fb_built=\u00bb1&#8243; _builder_version=\u00bb4.10.1&#8243; _module_preset=\u00bbdefault\u00bb background_color=\u00bb#d1759b\u00bb global_colors_info=\u00bb{}\u00bb][et_pb_row _builder_version=\u00bb4.10.1&#8243; _module_preset=\u00bbdefault\u00bb global_colors_info=\u00bb{}\u00bb][et_pb_column type=\u00bb4_4&#8243; _builder_version=\u00bb4.10.1&#8243; _module_preset=\u00bbdefault\u00bb global_colors_info=\u00bb{}\u00bb][et_pb_text _builder_version=\u00bb4.10.1&#8243; _module_preset=\u00bbdefault\u00bb text_text_color=\u00bb#FFFFFF\u00bb text_font_size=\u00bb47px\u00bb global_colors_info=\u00bb{}\u00bb]<\/p>\n<p><b><\/b><\/p>\n<p><b>Cuu, <\/b><span><b>you keep <\/b><\/span><b>surprising me.<\/b><\/p>\n<p style=\"text-align: right;\"><b>&#8211; a local.<\/b><\/p>\n<p><b><\/b><\/p>\n<p>[\/et_pb_text][\/et_pb_column][\/et_pb_row][\/et_pb_section][et_pb_section fb_built=\u00bb1&#8243; _builder_version=\u00bb4.10.1&#8243; _module_preset=\u00bbdefault\u00bb][et_pb_row _builder_version=\u00bb4.10.1&#8243; _module_preset=\u00bbdefault\u00bb][et_pb_column _builder_version=\u00bb4.10.1&#8243; _module_preset=\u00bbdefault\u00bb type=\u00bb4_4&#8243;][et_pb_button button_text=\u00bbRegresar\u00bb _builder_version=\u00bb4.10.1&#8243; _module_preset=\u00bbdefault\u00bb button_url=\u00bbhttps:\/\/ww2.revistalocal.com\/principal\/guia-digital-del-estado\/\u00bb hover_enabled=\u00bb0&#8243; sticky_enabled=\u00bb0&#8243;][\/et_pb_button][\/et_pb_column][\/et_pb_row][\/et_pb_section][et_pb_section fb_built=\u00bb1&#8243; specialty=\u00bbon\u00bb _builder_version=\u00bb4.10.1&#8243; _module_preset=\u00bbdefault\u00bb global_colors_info=\u00bb{}\u00bb][et_pb_column type=\u00bb1_2&#8243; _builder_version=\u00bb3.25&#8243; custom_padding=\u00bb|||\u00bb global_colors_info=\u00bb{}\u00bb custom_padding__hover=\u00bb|||\u00bb][et_pb_image src=\u00bbhttps:\/\/ww2.revistalocal.com\/principal\/wp-content\/uploads\/2022\/03\/Comadre-1.jpg\u00bb title_text=\u00bbComadre-1&#8243; _builder_version=\u00bb4.10.1&#8243; _module_preset=\u00bbdefault\u00bb global_colors_info=\u00bb{}\u00bb][\/et_pb_image][\/et_pb_column][et_pb_column type=\u00bb1_2&#8243; specialty_columns=\u00bb2&#8243; _builder_version=\u00bb3.25&#8243; custom_padding=\u00bb|||\u00bb global_colors_info=\u00bb{}\u00bb custom_padding__hover=\u00bb|||\u00bb][et_pb_row_inner _builder_version=\u00bb4.10.1&#8243; _module_preset=\u00bbdefault\u00bb custom_padding=\u00bb4px|||||\u00bb global_colors_info=\u00bb{}\u00bb][et_pb_column_inner saved_specialty_column_type=\u00bb1_2&#8243; _builder_version=\u00bb4.10.1&#8243; _module_preset=\u00bbdefault\u00bb global_colors_info=\u00bb{}\u00bb][et_pb_image src=\u00bbhttps:\/\/ww2.revistalocal.com\/principal\/wp-content\/uploads\/2022\/03\/Captura-de-Pantalla-2022-03-22-a-las-12.11.13.png\u00bb title_text=\u00bbCaptura de Pantalla 2022-03-22 a la(s) 12.11.13&#8243; _builder_version=\u00bb4.10.1&#8243; _module_preset=\u00bbdefault\u00bb global_colors_info=\u00bb{}\u00bb][\/et_pb_image][\/et_pb_column_inner][\/et_pb_row_inner][\/et_pb_column][\/et_pb_section][et_pb_section fb_built=\u00bb1&#8243; specialty=\u00bbon\u00bb _builder_version=\u00bb4.10.1&#8243; _module_preset=\u00bbdefault\u00bb global_colors_info=\u00bb{}\u00bb][et_pb_column type=\u00bb1_4&#8243; _builder_version=\u00bb3.25&#8243; custom_padding=\u00bb|||\u00bb global_colors_info=\u00bb{}\u00bb custom_padding__hover=\u00bb|||\u00bb][et_pb_image src=\u00bbhttps:\/\/ww2.revistalocal.com\/principal\/wp-content\/uploads\/2022\/03\/Captura-de-Pantalla-2022-03-22-a-las-12.16.54.png\u00bb title_text=\u00bbCaptura de Pantalla 2022-03-22 a la(s) 12.16.54&#8243; _builder_version=\u00bb4.10.1&#8243; _module_preset=\u00bbdefault\u00bb global_colors_info=\u00bb{}\u00bb][\/et_pb_image][et_pb_text _builder_version=\u00bb4.10.1&#8243; _module_preset=\u00bbdefault\u00bb global_colors_info=\u00bb{}\u00bb]<\/p>\n<p style=\"text-align: justify;\">El estado m\u00e1s grande de M\u00e9xico, Chihuahua, no tiene la floreciente industria tur\u00edstica que disfrutan los destinos cercanos como Baja California. Sin embargo, alberga el sistema de ca\u00f1ones m\u00e1s grande del mundo, las Barrancas del Cobre, as\u00ed como numerosos museos y atractivos naturales.<\/p>\n<p style=\"text-align: justify;\">Esta es nuestra selecci\u00f3n de las mejores experiencias que puedes vivir en el Estado m\u00e1s grande de M\u00e9xico.<span class=\"Apple-converted-space\">\u00a0<\/span><\/p>\n<p style=\"text-align: justify;\">En su mayor parte, su relieve consiste en una llanura elevada que desciende suavemente hacia el R\u00edo Grande (R\u00edo Bravo del Norte) en el noreste. El vasto desierto de Chihuahua domina la mitad noreste del estado. Su nombre significa: lugar seco y arenoso.<\/p>\n<p style=\"text-align: justify;\">El occidente de Chihuahua, sin embargo, est\u00e1 interrumpido por la Sierra Madre Occidental y sus estribaciones, que forman altos valles f\u00e9rtiles y profundos ca\u00f1ones. Las mesetas y los valles elevados experimentan fuertes lluvias, pero la mayor parte del estado recibe menos de 20 pulgadas (500 mm) al a\u00f1o. Un subsuelo arcilloso impermeable evita gran parte de la absorci\u00f3n de la lluvia, por lo que la poca lluvia que cae es arrastrada a lo largo de la superficie de la tierra desnuda en forma de torrentes. Barranca del Cobre (Barranca del Cobre), en la parte occidental del estado, alcanza profundidades de 4.600 pies (1.400 metros) en algunos lugares. Es m\u00e1s grande y m\u00e1s espectacular que el Gran Ca\u00f1\u00f3n, pero es pr\u00e1cticamente inaccesible, aunque un ferrocarril lo atraviesa en parte. Entre las otras \u00e1reas esc\u00e9nicas se encuentran el Parque Nacional Cumbres de Majalca, a unas 30 millas (50 km) al noroeste de la ciudad de Chihuahua, y la cascada Basaseachic, en la Sierra Madre. El \u00fanico r\u00edo de importancia es el Conchos, que fluye hacia el norte y el noreste hasta el R\u00edo Grande.<\/p>\n<p>[\/et_pb_text][\/et_pb_column][et_pb_column type=\u00bb3_4&#8243; specialty_columns=\u00bb3&#8243; _builder_version=\u00bb3.25&#8243; custom_padding=\u00bb|||\u00bb global_colors_info=\u00bb{}\u00bb custom_padding__hover=\u00bb|||\u00bb][et_pb_row_inner column_structure=\u00bb1_2,1_2&#8243; _builder_version=\u00bb4.10.1&#8243; _module_preset=\u00bbdefault\u00bb global_colors_info=\u00bb{}\u00bb][et_pb_column_inner type=\u00bb1_2&#8243; saved_specialty_column_type=\u00bb3_4&#8243; _builder_version=\u00bb4.10.1&#8243; _module_preset=\u00bbdefault\u00bb global_colors_info=\u00bb{}\u00bb][et_pb_image src=\u00bbhttps:\/\/ww2.revistalocal.com\/principal\/wp-content\/uploads\/2022\/03\/Captura-de-Pantalla-2022-03-22-a-las-12.19.16.png\u00bb title_text=\u00bbCaptura de Pantalla 2022-03-22 a la(s) 12.19.16&#8243; _builder_version=\u00bb4.10.1&#8243; _module_preset=\u00bbdefault\u00bb global_colors_info=\u00bb{}\u00bb][\/et_pb_image][\/et_pb_column_inner][et_pb_column_inner type=\u00bb1_2&#8243; saved_specialty_column_type=\u00bb3_4&#8243; _builder_version=\u00bb4.10.1&#8243; _module_preset=\u00bbdefault\u00bb global_colors_info=\u00bb{}\u00bb][et_pb_image src=\u00bbhttps:\/\/ww2.revistalocal.com\/principal\/wp-content\/uploads\/2022\/03\/Captura-de-Pantalla-2022-03-22-a-las-12.15.32.png\u00bb title_text=\u00bbCaptura de Pantalla 2022-03-22 a la(s) 12.15.32&#8243; _builder_version=\u00bb4.10.1&#8243; _module_preset=\u00bbdefault\u00bb global_colors_info=\u00bb{}\u00bb][\/et_pb_image][\/et_pb_column_inner][\/et_pb_row_inner][et_pb_row_inner _builder_version=\u00bb4.10.1&#8243; _module_preset=\u00bbdefault\u00bb global_colors_info=\u00bb{}\u00bb][et_pb_column_inner saved_specialty_column_type=\u00bb3_4&#8243; _builder_version=\u00bb4.10.1&#8243; _module_preset=\u00bbdefault\u00bb global_colors_info=\u00bb{}\u00bb][et_pb_image src=\u00bbhttps:\/\/ww2.revistalocal.com\/principal\/wp-content\/uploads\/2022\/03\/Menonitas-10.jpg\u00bb title_text=\u00bbMenonitas-10&#8243; _builder_version=\u00bb4.10.1&#8243; _module_preset=\u00bbdefault\u00bb global_colors_info=\u00bb{}\u00bb][\/et_pb_image][et_pb_text _builder_version=\u00bb4.10.1&#8243; _module_preset=\u00bbdefault\u00bb global_colors_info=\u00bb{}\u00bb]<\/p>\n<p style=\"text-align: justify;\">Actualmente tiene una poblaci\u00f3n de 3 741 869 habitantes, a los cuales se les denomina Chihuahuenses.<\/p>\n<p style=\"text-align: justify;\">La ciudad se encuentra en la zona de transici\u00f3n entre la meseta y el desierto,<span class=\"Apple-converted-space\">\u00a0 <\/span>por lo que su clima es muy frio o muy caluroso girando en torno a los -7 \u00b0C o menos en invierno y puede subir hata los 41 \u00b0C en el verano.<\/p>\n<p style=\"text-align: justify;\">En su gastronom\u00eda, que va desde las cadenas internacionales de comidas r\u00e1pidas, como la comida china y sus bufets, hasta la cocina norte\u00f1a, como la carne seca, tortillas de harina, pan de elote, los chacales, lentejas, la tradicional capirotada, el chile con queso, la discada, el chile pasado con carne, el entomatado de puerco, las tradicionales quesadillas con queso 100 % menonita, los platillos elaborados con chile chilaca o chile verde, el borrego cocido en horno, las chapeteadas de manzana, el tradicional Burrito. Y claro las carnes asadas en festejos o domingos.<\/p>\n<p>[\/et_pb_text][et_pb_text _builder_version=\u00bb4.10.1&#8243; _module_preset=\u00bbdefault\u00bb global_colors_info=\u00bb{}\u00bb]<\/p>\n<p style=\"text-align: right;\">M\u00e1s Informaci\u00f3n de la ciudad y del estado de Chihuahua:<span class=\"Apple-converted-space\">\u00a0<\/span><\/p>\n<p style=\"text-align: right;\"><a href=\"www.chihuahuacapital.gob.mx\">www.chihuahuacapital.gob.mx<\/a><\/p>\n<p style=\"text-align: right;\"><a href=\"www.municipiochihuahua.gob.mx\">www.municipiochihuahua.gob.mx<\/a><\/p>\n<p style=\"text-align: right;\"><a href=\"www.ah-chihuahua.com\">www.ah-chihuahua.com<\/a><\/p>\n<p style=\"text-align: right;\"><a href=\"www.sectur.gob.mx\">www.sectur.gob.mx<\/a><\/p>\n<p>[\/et_pb_text][\/et_pb_column_inner][\/et_pb_row_inner][\/et_pb_column][\/et_pb_section]<\/p>\n","protected":false},"excerpt":{"rendered":"<p>Cuu, you keep surprising me. &#8211; a local. El estado m\u00e1s grande de M\u00e9xico, Chihuahua, no tiene la floreciente industria tur\u00edstica que disfrutan los destinos cercanos como Baja California. Sin embargo, alberga el sistema de ca\u00f1ones m\u00e1s grande del mundo, las Barrancas del Cobre, as\u00ed como numerosos museos y atractivos naturales. Esta es nuestra selecci\u00f3n [&hellip;]<\/p>\n","protected":false},"author":1,"featured_media":0,"parent":0,"menu_order":0,"comment_status":"closed","ping_status":"closed","template":"","meta":{"_et_pb_use_builder":"on","_et_pb_old_content":"","_et_gb_content_width":""},"_links":{"self":[{"href":"https:\/\/ww2.revistalocal.com\/principal\/wp-json\/wp\/v2\/pages\/3390"}],"collection":[{"href":"https:\/\/ww2.revistalocal.com\/principal\/wp-json\/wp\/v2\/pages"}],"about":[{"href":"https:\/\/ww2.revistalocal.com\/principal\/wp-json\/wp\/v2\/types\/page"}],"author":[{"embeddable":true,"href":"https:\/\/ww2.revistalocal.com\/principal\/wp-json\/wp\/v2\/users\/1"}],"replies":[{"embeddable":true,"href":"https:\/\/ww2.revistalocal.com\/principal\/wp-json\/wp\/v2\/comments?post=3390"}],"version-history":[{"count":5,"href":"https:\/\/ww2.revistalocal.com\/principal\/wp-json\/wp\/v2\/pages\/3390\/revisions"}],"predecessor-version":[{"id":3449,"href":"https:\/\/ww2.revistalocal.com\/principal\/wp-json\/wp\/v2\/pages\/3390\/revisions\/3449"}],"wp:attachment":[{"href":"https:\/\/ww2.revistalocal.com\/principal\/wp-json\/wp\/v2\/media?parent=3390"}],"curies":[{"name":"wp","href":"https:\/\/api.w.org\/{rel}","templated":true}]}}