{"id":3419,"date":"2022-03-22T13:16:37","date_gmt":"2022-03-22T20:16:37","guid":{"rendered":"https:\/\/ww2.revistalocal.com\/principal\/?page_id=3419"},"modified":"2022-03-22T16:18:35","modified_gmt":"2022-03-22T23:18:35","slug":"vinicolas-2","status":"publish","type":"page","link":"https:\/\/ww2.revistalocal.com\/principal\/vinicolas-2\/","title":{"rendered":"Vin\u00edcolas"},"content":{"rendered":"<p>[et_pb_section fb_built=\u00bb1&#8243; _builder_version=\u00bb4.10.1&#8243; _module_preset=\u00bbdefault\u00bb background_image=\u00bbhttps:\/\/ww2.revistalocal.com\/principal\/wp-content\/uploads\/2022\/03\/tobias-rademacher-1DnpsqRutP0-unsplash.jpg\u00bb min_height=\u00bb518px\u00bb global_colors_info=\u00bb{}\u00bb][et_pb_row _builder_version=\u00bb4.10.1&#8243; _module_preset=\u00bbdefault\u00bb global_colors_info=\u00bb{}\u00bb][et_pb_column type=\u00bb4_4&#8243; _builder_version=\u00bb4.10.1&#8243; _module_preset=\u00bbdefault\u00bb global_colors_info=\u00bb{}\u00bb][et_pb_text _builder_version=\u00bb4.10.1&#8243; _module_preset=\u00bbdefault\u00bb text_font=\u00bbAlegreya SC||||||||\u00bb text_text_color=\u00bb#FFFFFF\u00bb text_font_size=\u00bb39px\u00bb text_letter_spacing=\u00bb17px\u00bb text_text_shadow_style=\u00bbpreset3&#8243; inline_fonts=\u00bbAbhaya Libre\u00bb global_colors_info=\u00bb{}\u00bb]<\/p>\n<p style=\"text-align: right;\"><strong><\/strong><\/p>\n<p style=\"text-align: right;\"><strong><\/strong><\/p>\n<p style=\"text-align: right;\"><strong><\/strong><\/p>\n<p style=\"text-align: right;\"><strong><\/strong><\/p>\n<p style=\"text-align: right;\"><span style=\"font-family: Abhaya Libre;\"><span style=\"font-size: 39px;\"><b>VIN\u00cdCOLAS<\/b><\/span><\/span><strong><\/strong><\/p>\n<p>[\/et_pb_text][\/et_pb_column][\/et_pb_row][\/et_pb_section][et_pb_section fb_built=\u00bb1&#8243; _builder_version=\u00bb4.10.1&#8243; _module_preset=\u00bbdefault\u00bb min_height=\u00bb41px\u00bb custom_padding=\u00bb4px||0px|||\u00bb][et_pb_row _builder_version=\u00bb4.10.1&#8243; _module_preset=\u00bbdefault\u00bb][et_pb_column _builder_version=\u00bb4.10.1&#8243; _module_preset=\u00bbdefault\u00bb type=\u00bb4_4&#8243;][et_pb_button button_text=\u00bbRegresar\u00bb _builder_version=\u00bb4.10.1&#8243; _module_preset=\u00bbdefault\u00bb button_url=\u00bbhttps:\/\/ww2.revistalocal.com\/principal\/guia-digital-del-estado\/\u00bb hover_enabled=\u00bb0&#8243; sticky_enabled=\u00bb0&#8243;][\/et_pb_button][\/et_pb_column][\/et_pb_row][\/et_pb_section][et_pb_section fb_built=\u00bb1&#8243; _builder_version=\u00bb4.10.1&#8243; _module_preset=\u00bbdefault\u00bb global_colors_info=\u00bb{}\u00bb][et_pb_row _builder_version=\u00bb4.10.1&#8243; _module_preset=\u00bbdefault\u00bb global_colors_info=\u00bb{}\u00bb][et_pb_column type=\u00bb4_4&#8243; _builder_version=\u00bb4.10.1&#8243; _module_preset=\u00bbdefault\u00bb global_colors_info=\u00bb{}\u00bb][et_pb_text _builder_version=\u00bb4.10.1&#8243; _module_preset=\u00bbdefault\u00bb global_colors_info=\u00bb{}\u00bb]<\/p>\n<div class=\"page\" title=\"Page 48\">\n<div class=\"section\">\n<div class=\"layoutArea\">\n<div class=\"column\">\n<p><span>El clima de Chihuahua se convierte por naturaleza en terreno ideal para el cultivo de la vid. Actualmente algunos productores locales cuentan con instalaciones donde se produce vino de gran calidad que se vende ya a nivel nacional.\u00a0<\/span><\/p>\n<\/div>\n<\/div>\n<\/div>\n<\/div>\n<p>[\/et_pb_text][\/et_pb_column][\/et_pb_row][et_pb_row column_structure=\u00bb1_3,1_3,1_3&#8243; _builder_version=\u00bb4.10.1&#8243; _module_preset=\u00bbdefault\u00bb global_colors_info=\u00bb{}\u00bb][et_pb_column type=\u00bb1_3&#8243; _builder_version=\u00bb4.10.1&#8243; _module_preset=\u00bbdefault\u00bb global_colors_info=\u00bb{}\u00bb][et_pb_image src=\u00bbhttps:\/\/ww2.revistalocal.com\/principal\/wp-content\/uploads\/2022\/03\/0692f7_6c332656ed334daca4f472ad7100a0f7mv2.jpg\u00bb title_text=\u00bb0692f7_6c332656ed334daca4f472ad7100a0f7~mv2&#8243; _builder_version=\u00bb4.10.1&#8243; _module_preset=\u00bbdefault\u00bb background_image=\u00bbhttps:\/\/ww2.revistalocal.com\/principal\/wp-content\/uploads\/2022\/03\/122586736_183058216743145_2155894065011244064_n.jpg\u00bb min_height=\u00bb213px\u00bb custom_padding=\u00bb||0px|||\u00bb global_colors_info=\u00bb{}\u00bb][\/et_pb_image][et_pb_text _builder_version=\u00bb4.10.1&#8243; _module_preset=\u00bbdefault\u00bb custom_padding=\u00bb||0px|||\u00bb global_colors_info=\u00bb{}\u00bb]<\/p>\n<h2><span style=\"font-size: medium;\">Cavall 7<\/span><\/h2>\n<p><span style=\"font-size: small;\">La bodega se inspir\u00f3 en los caballos para darle el nombre de \u201cCavall\u201d, as\u00ed que uno tambi\u00e9n tendr\u00e1 acceso durante su visita a ver a los caballos que tienen en el vi\u00f1edo, entre otros animales como bisontes y venados cola blanca, que son cuidados en esas tierras. Las vides que se ocupan fueron tra\u00eddas de Francia y adaptadas al territorio mexicano.<\/span><\/p>\n<p>[\/et_pb_text][\/et_pb_column][et_pb_column type=\u00bb1_3&#8243; _builder_version=\u00bb4.10.1&#8243; _module_preset=\u00bbdefault\u00bb global_colors_info=\u00bb{}\u00bb][et_pb_image src=\u00bbhttps:\/\/ww2.revistalocal.com\/principal\/wp-content\/uploads\/2022\/03\/IMG_2077-scaled.jpg\u00bb title_text=\u00bbIMG_2077&#8243; _builder_version=\u00bb4.10.1&#8243; _module_preset=\u00bbdefault\u00bb global_colors_info=\u00bb{}\u00bb][\/et_pb_image][et_pb_text _builder_version=\u00bb4.10.1&#8243; _module_preset=\u00bbdefault\u00bb custom_padding=\u00bb||0px|||\u00bb global_colors_info=\u00bb{}\u00bb]<\/p>\n<h2><span style=\"font-size: medium;\">Vi\u00f1edos y Bodegas Encinillas<\/span><\/h2>\n<p><span>Los vinos Encinillas se producen en el casco de La Hacienda de Encinillas, ubicada junto al tricentenario Camino Real -recientemente declarado Patrimonio de la Humanidad-, un rastro de ruedas y huellas que comunicaba la Ciudad de M\u00e9xico con Santa Fe, Nuevo M\u00e9xico, hoy todav\u00eda un vestigio presente que nos mantiene atentos a sus historia.<\/span><\/p>\n<p>[\/et_pb_text][\/et_pb_column][et_pb_column type=\u00bb1_3&#8243; _builder_version=\u00bb4.10.1&#8243; _module_preset=\u00bbdefault\u00bb global_colors_info=\u00bb{}\u00bb][et_pb_image src=\u00bbhttps:\/\/ww2.revistalocal.com\/principal\/wp-content\/uploads\/2022\/03\/corchos.jpg\u00bb title_text=\u00bbcorchos\u00bb _builder_version=\u00bb4.10.1&#8243; _module_preset=\u00bbdefault\u00bb global_colors_info=\u00bb{}\u00bb][\/et_pb_image][et_pb_text _builder_version=\u00bb4.10.1&#8243; _module_preset=\u00bbdefault\u00bb custom_padding=\u00bb||0px|||\u00bb global_colors_info=\u00bb{}\u00bb]<\/p>\n<h2><span style=\"font-size: medium;\">Bodegas Pinesqu\u00e9<\/span><\/h2>\n<p><span>\u201cPINESQUE\u201d se forma de los apellidos \u201cPinonc\u00e9ly-Esquer\u201d. Nuestras diferentes etiquetas est\u00e1n dise\u00f1adas para paladares que buscan un vino natural que conserve la mayor cantidad de nutrientes, aromas y sabores de la uva, respetando las caracter\u00edsticas que nos ofrece el terru\u00f1o y haci\u00e9ndolo de una forma artesanal sin la adici\u00f3n de qu\u00edmicos y conservadores.<\/span><\/p>\n<p>[\/et_pb_text][\/et_pb_column][\/et_pb_row][\/et_pb_section]<\/p>\n","protected":false},"excerpt":{"rendered":"<p>VIN\u00cdCOLAS El clima de Chihuahua se convierte por naturaleza en terreno ideal para el cultivo de la vid. Actualmente algunos productores locales cuentan con instalaciones donde se produce vino de gran calidad que se vende ya a nivel nacional.\u00a0 Cavall 7 La bodega se inspir\u00f3 en los caballos para darle el nombre de \u201cCavall\u201d, as\u00ed [&hellip;]<\/p>\n","protected":false},"author":1,"featured_media":0,"parent":0,"menu_order":0,"comment_status":"closed","ping_status":"closed","template":"","meta":{"_et_pb_use_builder":"on","_et_pb_old_content":"","_et_gb_content_width":""},"_links":{"self":[{"href":"https:\/\/ww2.revistalocal.com\/principal\/wp-json\/wp\/v2\/pages\/3419"}],"collection":[{"href":"https:\/\/ww2.revistalocal.com\/principal\/wp-json\/wp\/v2\/pages"}],"about":[{"href":"https:\/\/ww2.revistalocal.com\/principal\/wp-json\/wp\/v2\/types\/page"}],"author":[{"embeddable":true,"href":"https:\/\/ww2.revistalocal.com\/principal\/wp-json\/wp\/v2\/users\/1"}],"replies":[{"embeddable":true,"href":"https:\/\/ww2.revistalocal.com\/principal\/wp-json\/wp\/v2\/comments?post=3419"}],"version-history":[{"count":7,"href":"https:\/\/ww2.revistalocal.com\/principal\/wp-json\/wp\/v2\/pages\/3419\/revisions"}],"predecessor-version":[{"id":3438,"href":"https:\/\/ww2.revistalocal.com\/principal\/wp-json\/wp\/v2\/pages\/3419\/revisions\/3438"}],"wp:attachment":[{"href":"https:\/\/ww2.revistalocal.com\/principal\/wp-json\/wp\/v2\/media?parent=3419"}],"curies":[{"name":"wp","href":"https:\/\/api.w.org\/{rel}","templated":true}]}}