{"id":610,"date":"2015-02-13T13:12:53","date_gmt":"2015-02-13T20:12:53","guid":{"rendered":"https:\/\/ww2.revistalocal.com\/principal\/?page_id=610"},"modified":"2024-05-28T10:38:48","modified_gmt":"2024-05-28T16:38:48","slug":"nosotros","status":"publish","type":"page","link":"https:\/\/ww2.revistalocal.com\/principal\/nosotros\/","title":{"rendered":"Nosotros"},"content":{"rendered":"<p>[et_pb_section fb_built=\u00bb1&#8243; _builder_version=\u00bb3.22&#8243; global_colors_info=\u00bb{}\u00bb][et_pb_row _builder_version=\u00bb3.25&#8243; background_size=\u00bbinitial\u00bb background_position=\u00bbtop_left\u00bb background_repeat=\u00bbrepeat\u00bb global_colors_info=\u00bb{}\u00bb][et_pb_column type=\u00bb4_4&#8243; _builder_version=\u00bb3.25&#8243; custom_padding=\u00bb|||\u00bb global_colors_info=\u00bb{}\u00bb custom_padding__hover=\u00bb|||\u00bb][et_pb_image src=\u00bbhttps:\/\/ww2.revistalocal.com\/principal\/wp-content\/uploads\/2022\/11\/FC6D3756-0840-468D-88B2-80C76CF360A1-scaled.jpeg\u00bb title_text=\u00bbFC6D3756-0840-468D-88B2-80C76CF360A1&#8243; _builder_version=\u00bb4.10.1&#8243; _module_preset=\u00bbdefault\u00bb global_colors_info=\u00bb{}\u00bb][\/et_pb_image][et_pb_text _builder_version=\u00bb4.10.1&#8243; background_size=\u00bbinitial\u00bb background_position=\u00bbtop_left\u00bb background_repeat=\u00bbrepeat\u00bb hover_enabled=\u00bb0&#8243; global_colors_info=\u00bb{}\u00bb sticky_enabled=\u00bb0&#8243;]<\/p>\n<p><!-- divi:cover {\"url\":\"https:\/\/ww2.revistalocal.com\/principal\/wp-content\/uploads\/2020\/04\/46929-scaled.jpg\",\"id\":1688} --><\/p>\n<div class=\"wp-block-cover has-background-dim\">\n<p>&nbsp;<\/p>\n<\/div>\n<hr class=\"wp-block-separator\" \/>\n<p>&nbsp;<\/p>\n<p>&nbsp;<\/p>\n<p><!-- divi:paragraph {\"align\":\"center\"} --><\/p>\n<p class=\"has-text-align-center\">La Revista Local es una gu\u00eda comercial que documenta lo mejor de la ciudad de Chihuahua, teniendo art\u00edculos editoriales de inter\u00e9s y lugares 100% garantizados para conocer, ir a comer, pasar un rato agradable, comprar, descansar y m\u00e1s.<\/p>\n<p>&nbsp;<\/p>\n<p><!-- divi:separator -->\u00a0<\/p>\n<hr class=\"wp-block-separator\" \/>\n<p>&nbsp;<\/p>\n<p>&nbsp;<\/p>\n<p><!-- \/divi:separator -->\u00a0<\/p>\n<p>&nbsp;<\/p>\n<p><!-- divi:heading {\"textAlign\":\"center\"} --><\/p>\n<h2 class=\"has-text-align-center\">Nuestro equipo<\/h2>\n<p>&nbsp;<\/p>\n<p>&nbsp;<\/p>\n<p><!-- \/divi:heading -->\u00a0<\/p>\n<p>&nbsp;<\/p>\n<p><!-- divi:separator -->\u00a0<\/p>\n<hr class=\"wp-block-separator\" \/>\n<p>&nbsp;<\/p>\n<p>&nbsp;<\/p>\n<p><!-- \/divi:separator -->\u00a0<\/p>\n<p>&nbsp;<\/p>\n<p><!-- divi:columns --><\/p>\n<div class=\"wp-block-columns\">\n<p><!-- divi:column --><\/p>\n<div class=\"wp-block-column\">\n<p><!-- divi:paragraph {\"align\":\"center\"} --><\/p>\n<p class=\"has-text-align-center\"><strong>Direcci\u00f3n: \u00a0<\/strong><span style=\"font-size: 14px;\">Laura Molina<\/span><\/p>\n<p><!-- \/divi:paragraph --><\/p>\n<\/div>\n<p><!-- \/divi:column --> <!-- divi:column --><\/p>\n<div class=\"wp-block-column\">\n<p><!-- divi:paragraph {\"align\":\"center\"} --><\/p>\n<p class=\"has-text-align-center\"><strong>Dise\u00f1ador: <\/strong><span style=\"font-size: 14px;\">Fernanda Cuevas<\/span><\/p>\n<p><!-- \/divi:paragraph --><\/p>\n<\/div>\n<p><!-- \/divi:column --> <!-- divi:column --><\/p>\n<div class=\"wp-block-column\">\n<p><!-- divi:paragraph {\"align\":\"center\"} --><\/p>\n<p class=\"has-text-align-center\"><strong>Redes sociales: <\/strong><span style=\"font-size: 14px;\">Paulina Orozco y Fernanda Cuevas<\/span><\/p>\n<\/div>\n<\/div>\n<div class=\"wp-block-columns\">\n<p><!-- \/divi:column --> <!-- divi:column --><\/p>\n<div class=\"wp-block-column\">\n<p><!-- divi:paragraph {\"align\":\"center\"} --><\/p>\n<p class=\"has-text-align-center\"><strong>Fotograf\u00eda:\u00a0<\/strong><span style=\"font-size: 14px;\">Michel Lubbert, Javier Ramos<\/span><\/p>\n<p><!-- \/divi:paragraph --><\/p>\n<\/div>\n<p><!-- \/divi:column --> <!-- divi:column --><\/p>\n<div class=\"wp-block-column\">\n<p><!-- divi:paragraph {\"align\":\"center\"} --><\/p>\n<p class=\"has-text-align-center\"><strong>Colaboradores:\u00a0<\/strong><span style=\"font-size: 14px;\">Melissa Webb<\/span><\/p>\n<p><!-- \/divi:paragraph --><\/p>\n<\/div>\n<p><!-- \/divi:column --><\/p>\n<\/div>\n<p>&nbsp;<\/p>\n<p>&nbsp;<\/p>\n<p><!-- \/divi:columns -->\u00a0<\/p>\n<p>&nbsp;<\/p>\n<p><!-- divi:separator -->\u00a0<\/p>\n<hr class=\"wp-block-separator\" \/>\n<p>&nbsp;<\/p>\n<p>&nbsp;<\/p>\n<p><!-- \/divi:separator -->\u00a0<\/p>\n<p>&nbsp;<\/p>\n<p><!-- divi:cover {\"url\":\"https:\/\/ww2.revistalocal.com\/principal\/wp-content\/uploads\/2021\/04\/adomas-aleno-ySLeov8m_8-unsplash-scaled.jpg\",\"id\":2488} --><\/p>\n<div class=\"wp-block-cover has-background-dim\">\n<p>&nbsp;<\/p>\n<\/div>\n<p>&nbsp;<\/p>\n<p><!-- divi:paragraph -->\u00a0<\/p>\n<p>&nbsp;<\/p>\n<p><!-- \/divi:paragraph --><\/p>\n<p>[\/et_pb_text][et_pb_image src=\u00bbhttps:\/\/ww2.revistalocal.com\/principal\/wp-content\/uploads\/2022\/11\/3C1D67D4-D2DA-402C-96B1-7AB0C4F0E295-scaled.jpeg\u00bb title_text=\u00bb3C1D67D4-D2DA-402C-96B1-7AB0C4F0E295&#8243; _builder_version=\u00bb4.10.1&#8243; _module_preset=\u00bbdefault\u00bb global_colors_info=\u00bb{}\u00bb][\/et_pb_image][\/et_pb_column][\/et_pb_row][\/et_pb_section]<\/p>\n","protected":false},"excerpt":{"rendered":"<p>&nbsp; &nbsp; &nbsp; La Revista Local es una gu\u00eda comercial que documenta lo mejor de la ciudad de Chihuahua, teniendo art\u00edculos editoriales de inter\u00e9s y lugares 100% garantizados para conocer, ir a comer, pasar un rato agradable, comprar, descansar y m\u00e1s. &nbsp; \u00a0 &nbsp; &nbsp; \u00a0 &nbsp; Nuestro equipo &nbsp; &nbsp; \u00a0 &nbsp; \u00a0 &nbsp; [&hellip;]<\/p>\n","protected":false},"author":1,"featured_media":0,"parent":0,"menu_order":0,"comment_status":"closed","ping_status":"open","template":"","meta":{"_et_pb_use_builder":"on","_et_pb_old_content":"<!-- wp:cover {\"url\":\"https:\/\/ww2.revistalocal.com\/principal\/wp-content\/uploads\/2020\/04\/46929-scaled.jpg\",\"id\":1688} -->\n<div class=\"wp-block-cover has-background-dim\"><img class=\"wp-block-cover__image-background wp-image-1688\" alt=\"\" src=\"https:\/\/ww2.revistalocal.com\/principal\/wp-content\/uploads\/2020\/04\/46929-scaled.jpg\" data-object-fit=\"cover\"\/><div class=\"wp-block-cover__inner-container\"><!-- wp:paragraph -->\n<p><\/p>\n<!-- \/wp:paragraph --><\/div><\/div>\n<!-- \/wp:cover -->\n\n<!-- wp:separator -->\n<hr class=\"wp-block-separator\"\/>\n<!-- \/wp:separator -->\n\n<!-- wp:paragraph {\"align\":\"center\"} -->\n<p class=\"has-text-align-center\">La Revista Local es una gu\u00eda comercial que documenta lo mejor de la ciudad de Chihuahua, teniendo art\u00edculos editoriales de inter\u00e9s y lugares 100% garantizados para conocer, ir a comer, pasar un rato agradable, comprar, descansar y m\u00e1s.<\/p>\n<!-- \/wp:paragraph -->\n\n<!-- wp:separator -->\n<hr class=\"wp-block-separator\"\/>\n<!-- \/wp:separator -->\n\n<!-- wp:heading {\"textAlign\":\"center\"} -->\n<h2 class=\"has-text-align-center\">Nuestro equipo<\/h2>\n<!-- \/wp:heading -->\n\n<!-- wp:separator -->\n<hr class=\"wp-block-separator\"\/>\n<!-- \/wp:separator -->\n\n<!-- wp:columns -->\n<div class=\"wp-block-columns\"><!-- wp:column -->\n<div class=\"wp-block-column\"><!-- wp:paragraph {\"align\":\"center\"} -->\n<p class=\"has-text-align-center\"><strong>Direcci\u00f3n <\/strong><\/p>\n<!-- \/wp:paragraph -->\n\n<!-- wp:paragraph {\"align\":\"center\"} -->\n<p class=\"has-text-align-center\">Laura Molina<\/p>\n<!-- \/wp:paragraph --><\/div>\n<!-- \/wp:column -->\n\n<!-- wp:column -->\n<div class=\"wp-block-column\"><!-- wp:paragraph {\"align\":\"center\"} -->\n<p class=\"has-text-align-center\"><strong>Dise\u00f1ador<\/strong><\/p>\n<!-- \/wp:paragraph -->\n\n<!-- wp:paragraph {\"align\":\"center\"} -->\n<p class=\"has-text-align-center\">Luc\u00eda Far\u00edas<\/p>\n<!-- \/wp:paragraph --><\/div>\n<!-- \/wp:column -->\n\n<!-- wp:column -->\n<div class=\"wp-block-column\"><!-- wp:paragraph {\"align\":\"center\"} -->\n<p class=\"has-text-align-center\"><strong>Marketing - Ventas<\/strong><\/p>\n<!-- \/wp:paragraph -->\n\n<!-- wp:paragraph {\"align\":\"center\"} -->\n<p class=\"has-text-align-center\">Jimena Garza<\/p>\n<!-- \/wp:paragraph --><\/div>\n<!-- \/wp:column --><\/div>\n<!-- \/wp:columns -->\n\n<!-- wp:columns -->\n<div class=\"wp-block-columns\"><!-- wp:column -->\n<div class=\"wp-block-column\"><!-- wp:paragraph {\"align\":\"center\"} -->\n<p class=\"has-text-align-center\"><strong>Social Media<\/strong><\/p>\n<!-- \/wp:paragraph -->\n\n<!-- wp:paragraph {\"align\":\"center\"} -->\n<p class=\"has-text-align-center\">Yolanda Delgado<\/p>\n<!-- \/wp:paragraph --><\/div>\n<!-- \/wp:column -->\n\n<!-- wp:column -->\n<div class=\"wp-block-column\"><!-- wp:paragraph {\"align\":\"center\"} -->\n<p class=\"has-text-align-center\"><strong>Fotograf\u00eda<\/strong><\/p>\n<!-- \/wp:paragraph -->\n\n<!-- wp:paragraph {\"align\":\"center\"} -->\n<p class=\"has-text-align-center\">Michel Lubbert, Luis Arzate, Javier R\u00e1mos <\/p>\n<!-- \/wp:paragraph --><\/div>\n<!-- \/wp:column -->\n\n<!-- wp:column -->\n<div class=\"wp-block-column\"><!-- wp:paragraph {\"align\":\"center\"} -->\n<p class=\"has-text-align-center\"><strong>Colaboradores<\/strong><\/p>\n<!-- \/wp:paragraph -->\n\n<!-- wp:paragraph {\"align\":\"center\"} -->\n<p class=\"has-text-align-center\">Melissa Webb<\/p>\n<!-- \/wp:paragraph --><\/div>\n<!-- \/wp:column --><\/div>\n<!-- \/wp:columns -->\n\n<!-- wp:separator -->\n<hr class=\"wp-block-separator\"\/>\n<!-- \/wp:separator -->\n\n<!-- wp:cover {\"url\":\"https:\/\/ww2.revistalocal.com\/principal\/wp-content\/uploads\/2021\/04\/adomas-aleno-ySLeov8m_8-unsplash-scaled.jpg\",\"id\":2488} -->\n<div class=\"wp-block-cover has-background-dim\"><img class=\"wp-block-cover__image-background wp-image-2488\" alt=\"\" src=\"https:\/\/ww2.revistalocal.com\/principal\/wp-content\/uploads\/2021\/04\/adomas-aleno-ySLeov8m_8-unsplash-scaled.jpg\" data-object-fit=\"cover\"\/><div class=\"wp-block-cover__inner-container\"><!-- wp:paragraph {\"align\":\"center\",\"placeholder\":\"Escribe el t\u00edtulo\u2026\",\"fontSize\":\"large\"} -->\n<p class=\"has-text-align-center has-large-font-size\"><\/p>\n<!-- \/wp:paragraph --><\/div><\/div>\n<!-- \/wp:cover -->\n\n<!-- wp:paragraph -->\n<p><\/p>\n<!-- \/wp:paragraph -->","_et_gb_content_width":""},"_links":{"self":[{"href":"https:\/\/ww2.revistalocal.com\/principal\/wp-json\/wp\/v2\/pages\/610"}],"collection":[{"href":"https:\/\/ww2.revistalocal.com\/principal\/wp-json\/wp\/v2\/pages"}],"about":[{"href":"https:\/\/ww2.revistalocal.com\/principal\/wp-json\/wp\/v2\/types\/page"}],"author":[{"embeddable":true,"href":"https:\/\/ww2.revistalocal.com\/principal\/wp-json\/wp\/v2\/users\/1"}],"replies":[{"embeddable":true,"href":"https:\/\/ww2.revistalocal.com\/principal\/wp-json\/wp\/v2\/comments?post=610"}],"version-history":[{"count":18,"href":"https:\/\/ww2.revistalocal.com\/principal\/wp-json\/wp\/v2\/pages\/610\/revisions"}],"predecessor-version":[{"id":4207,"href":"https:\/\/ww2.revistalocal.com\/principal\/wp-json\/wp\/v2\/pages\/610\/revisions\/4207"}],"wp:attachment":[{"href":"https:\/\/ww2.revistalocal.com\/principal\/wp-json\/wp\/v2\/media?parent=610"}],"curies":[{"name":"wp","href":"https:\/\/api.w.org\/{rel}","templated":true}]}}